{"id":45,"date":"2022-04-25T08:16:17","date_gmt":"2022-04-25T08:16:17","guid":{"rendered":"http:\/\/portfolio.local\/?page_id=45"},"modified":"2022-06-19T13:42:20","modified_gmt":"2022-06-19T11:42:20","slug":"mes-creations","status":"publish","type":"page","link":"https:\/\/valentintuybens.fr\/?page_id=45","title":{"rendered":"Mon projet professionnel"},"content":{"rendered":"\t\t<div data-elementor-type=\"wp-page\" data-elementor-id=\"45\" class=\"elementor elementor-45\">\n\t\t\t\t\t\t<section class=\"elementor-section elementor-top-section elementor-element elementor-element-36c160c9 elementor-section-content-middle elementor-section-boxed elementor-section-height-default elementor-section-height-default\" data-id=\"36c160c9\" data-element_type=\"section\">\n\t\t\t\t\t\t<div class=\"elementor-container elementor-column-gap-no\">\n\t\t\t\t\t<div class=\"elementor-column elementor-col-33 elementor-top-column elementor-element elementor-element-2caecce7\" data-id=\"2caecce7\" data-element_type=\"column\">\n\t\t\t<div class=\"elementor-widget-wrap elementor-element-populated\">\n\t\t\t\t\t\t<div class=\"elementor-element elementor-element-16710ffc elementor-widget elementor-widget-heading\" data-id=\"16710ffc\" data-element_type=\"widget\" data-widget_type=\"heading.default\">\n\t\t\t\t<div class=\"elementor-widget-container\">\n\t\t\t<h3 class=\"elementor-heading-title elementor-size-default\">Mes projets<\/h3>\t\t<\/div>\n\t\t\t\t<\/div>\n\t\t\t\t<div class=\"elementor-element elementor-element-63dc8738 elementor-widget-divider--view-line elementor-widget elementor-widget-divider\" data-id=\"63dc8738\" data-element_type=\"widget\" data-widget_type=\"divider.default\">\n\t\t\t\t<div class=\"elementor-widget-container\">\n\t\t\t\t\t<div class=\"elementor-divider\">\n\t\t\t<span class=\"elementor-divider-separator\">\n\t\t\t\t\t\t<\/span>\n\t\t<\/div>\n\t\t\t\t<\/div>\n\t\t\t\t<\/div>\n\t\t\t\t\t<\/div>\n\t\t<\/div>\n\t\t\t\t<div class=\"elementor-column elementor-col-33 elementor-top-column elementor-element elementor-element-2e86f3d5\" data-id=\"2e86f3d5\" data-element_type=\"column\">\n\t\t\t<div class=\"elementor-widget-wrap elementor-element-populated\">\n\t\t\t\t\t\t<div class=\"elementor-element elementor-element-74bac3bc elementor-widget elementor-widget-image\" data-id=\"74bac3bc\" data-element_type=\"widget\" data-widget_type=\"image.default\">\n\t\t\t\t<div class=\"elementor-widget-container\">\n\t\t\t\t\t\t\t\t\t\t\t\t\t<img fetchpriority=\"high\" decoding=\"async\" width=\"1920\" height=\"2560\" src=\"https:\/\/valentintuybens.fr\/wp-content\/uploads\/2022\/06\/pexels-flo-dahm-699459-scaled.jpg\" class=\"elementor-animation-grow attachment-full size-full wp-image-170\" alt=\"\" srcset=\"https:\/\/valentintuybens.fr\/wp-content\/uploads\/2022\/06\/pexels-flo-dahm-699459-scaled.jpg 1920w, https:\/\/valentintuybens.fr\/wp-content\/uploads\/2022\/06\/pexels-flo-dahm-699459-225x300.jpg 225w, https:\/\/valentintuybens.fr\/wp-content\/uploads\/2022\/06\/pexels-flo-dahm-699459-768x1024.jpg 768w, https:\/\/valentintuybens.fr\/wp-content\/uploads\/2022\/06\/pexels-flo-dahm-699459-1152x1536.jpg 1152w, https:\/\/valentintuybens.fr\/wp-content\/uploads\/2022\/06\/pexels-flo-dahm-699459-1536x2048.jpg 1536w, https:\/\/valentintuybens.fr\/wp-content\/uploads\/2022\/06\/pexels-flo-dahm-699459-2000x2667.jpg 2000w, https:\/\/valentintuybens.fr\/wp-content\/uploads\/2022\/06\/pexels-flo-dahm-699459-600x800.jpg 600w\" sizes=\"100vw\" \/>\t\t\t\t\t\t\t\t\t\t\t\t\t<\/div>\n\t\t\t\t<\/div>\n\t\t\t\t<div class=\"elementor-element elementor-element-627e2fc8 elementor-widget elementor-widget-text-editor\" data-id=\"627e2fc8\" data-element_type=\"widget\" data-widget_type=\"text-editor.default\">\n\t\t\t\t<div class=\"elementor-widget-container\">\n\t\t\t\t\t\t\t<p>Mon projet \/ objectif principal, est de me former sur <strong>le plus de domaines diff\u00e9rents<\/strong> concernant le digital, de sorte \u00e0 \u00eatre un couteau suisse qui m\u2019ouvre le plus de porte possible mais \u00e9galement qui me permet par la suite de pouvoir exercer en <strong>freelance<\/strong>.<\/p>\t\t\t\t\t\t<\/div>\n\t\t\t\t<\/div>\n\t\t\t\t\t<\/div>\n\t\t<\/div>\n\t\t\t\t<div class=\"elementor-column elementor-col-33 elementor-top-column elementor-element elementor-element-7fd53397\" data-id=\"7fd53397\" data-element_type=\"column\">\n\t\t\t<div class=\"elementor-widget-wrap elementor-element-populated\">\n\t\t\t\t\t\t<div class=\"elementor-element elementor-element-43e56bb8 elementor-widget elementor-widget-text-editor\" data-id=\"43e56bb8\" data-element_type=\"widget\" data-widget_type=\"text-editor.default\">\n\t\t\t\t<div class=\"elementor-widget-container\">\n\t\t\t\t\t\t\t<p>Mon <strong>projet professionnel<\/strong> serait de pouvoir cr\u00e9er une entreprise ou bien d&#8217;\u00eatre <strong>\u00e0 charge d&#8217;une \u00e9quipe marketing<\/strong> ou li\u00e9e au digital dans une entreprise.\u00a0<\/p>\t\t\t\t\t\t<\/div>\n\t\t\t\t<\/div>\n\t\t\t\t<div class=\"elementor-element elementor-element-6414d444 elementor-widget elementor-widget-image\" data-id=\"6414d444\" data-element_type=\"widget\" data-widget_type=\"image.default\">\n\t\t\t\t<div class=\"elementor-widget-container\">\n\t\t\t\t\t\t\t\t\t\t\t\t\t<img decoding=\"async\" src=\"https:\/\/valentintuybens.fr\/wp-content\/uploads\/2022\/06\/pexels-fauxels-3183197-scaled.jpg\" title=\"pexels-fauxels-3183197\" alt=\"pexels-fauxels-3183197\" class=\"elementor-animation-grow\" loading=\"lazy\" \/>\t\t\t\t\t\t\t\t\t\t\t\t\t<\/div>\n\t\t\t\t<\/div>\n\t\t\t\t\t<\/div>\n\t\t<\/div>\n\t\t\t\t\t<\/div>\n\t\t<\/section>\n\t\t\t\t<section class=\"elementor-section elementor-top-section elementor-element elementor-element-6f867a6b elementor-section-full_width elementor-section-content-middle elementor-section-height-default elementor-section-height-default\" data-id=\"6f867a6b\" data-element_type=\"section\">\n\t\t\t\t\t\t<div class=\"elementor-container elementor-column-gap-no\">\n\t\t\t\t\t<div class=\"elementor-column elementor-col-50 elementor-top-column elementor-element elementor-element-78f7bc7\" data-id=\"78f7bc7\" data-element_type=\"column\" data-settings=\"{&quot;background_background&quot;:&quot;classic&quot;}\">\n\t\t\t<div class=\"elementor-widget-wrap\">\n\t\t\t\t\t<div class=\"elementor-background-overlay\"><\/div>\n\t\t\t\t\t\t\t<\/div>\n\t\t<\/div>\n\t\t\t\t<div class=\"elementor-column elementor-col-50 elementor-top-column elementor-element elementor-element-4b3d8de0\" data-id=\"4b3d8de0\" data-element_type=\"column\">\n\t\t\t<div class=\"elementor-widget-wrap elementor-element-populated\">\n\t\t\t\t\t\t<div class=\"elementor-element elementor-element-1903991 elementor-widget elementor-widget-heading\" data-id=\"1903991\" data-element_type=\"widget\" data-widget_type=\"heading.default\">\n\t\t\t\t<div class=\"elementor-widget-container\">\n\t\t\t<h3 class=\"elementor-heading-title elementor-size-default\">Mes comp\u00e9tences<\/h3>\t\t<\/div>\n\t\t\t\t<\/div>\n\t\t\t\t<div class=\"elementor-element elementor-element-c9ad377 elementor-widget elementor-widget-text-editor\" data-id=\"c9ad377\" data-element_type=\"widget\" data-widget_type=\"text-editor.default\">\n\t\t\t\t<div class=\"elementor-widget-container\">\n\t\t\t\t\t\t\t<p>Je me consid\u00e8re comme quelqu\u2019un de tr\u00e8s <strong>curieux<\/strong> et <strong>investi<\/strong>, j&#8217;ai <strong>soif de connaissance<\/strong>, et je souhaite \u00eatre capable de \u00a0<strong>maitriser beaucoup de sujet<\/strong>. C\u2019est pourquoi je sais me servir de beaucoup de logiciel de la suite adobe et les utilisent r\u00e9guli\u00e8rement dans mon entreprise, en particulier <strong>illustrator<\/strong> et <strong>Photoshop<\/strong>.\u00a0<\/p><p>Ma formation en DUT m\u2019a beaucoup servit dans la d\u00e9couverte de nouvelles comp\u00e9tences comme la <strong>r\u00e9daction<\/strong>, la r\u00e9alisation d\u2019\u00e9tude mais surtout sur les <strong>comp\u00e9tences personnels<\/strong> et <strong>manag\u00e9riales<\/strong>.\u00a0<\/p><p>D\u00e9sormais je suis capable d&#8217;effectuer une veille concurrentiel pertinente, de r\u00e9aliser des <strong>sites<\/strong> <strong>internets<\/strong> et de g\u00e9rer leurs <strong>SEO<\/strong><span style=\"font-family: var( --e-global-typography-text-font-family ), Sans-serif;\">\u00a0et <strong>SEA<\/strong>, <strong>r\u00e9aliser<\/strong> et <strong>optimiser<\/strong> <strong>des campagnes de strat\u00e9gie marketing google ads<\/strong>.<\/span><\/p><p>Parmis les beaux projets que j\u2019ai r\u00e9alis\u00e9, il y a des publicit\u00e9s pour Leroy Merlin, des visuels pour les spots pub de Leboncoin, mais \u00e9galement mon site e-commerce. <span class=\"Apple-converted-space\">\u00a0<\/span><\/p>\t\t\t\t\t\t<\/div>\n\t\t\t\t<\/div>\n\t\t\t\t\t<\/div>\n\t\t<\/div>\n\t\t\t\t\t<\/div>\n\t\t<\/section>\n\t\t\t\t<\/div>\n\t\t","protected":false},"excerpt":{"rendered":"<p>Mes projets Mon projet \/ objectif principal, est de me former sur le plus de domaines diff\u00e9rents concernant le digital, de sorte \u00e0 \u00eatre un couteau suisse qui m\u2019ouvre le plus de porte possible mais \u00e9galement qui me permet par la suite de pouvoir exercer en freelance. Mon projet professionnel serait de pouvoir cr\u00e9er une &hellip; <\/p>\n<p class=\"link-more\"><a href=\"https:\/\/valentintuybens.fr\/?page_id=45\" class=\"more-link\">Read more<span class=\"screen-reader-text\"> &#8220;Mon projet professionnel&#8221;<\/span><\/a><\/p>\n","protected":false},"author":1,"featured_media":0,"parent":0,"menu_order":0,"comment_status":"closed","ping_status":"closed","template":"elementor_header_footer","meta":{"footnotes":""},"class_list":["post-45","page","type-page","status-publish","hentry"],"featured_media_urls":[],"_links":{"self":[{"href":"https:\/\/valentintuybens.fr\/index.php?rest_route=\/wp\/v2\/pages\/45","targetHints":{"allow":["GET"]}}],"collection":[{"href":"https:\/\/valentintuybens.fr\/index.php?rest_route=\/wp\/v2\/pages"}],"about":[{"href":"https:\/\/valentintuybens.fr\/index.php?rest_route=\/wp\/v2\/types\/page"}],"author":[{"embeddable":true,"href":"https:\/\/valentintuybens.fr\/index.php?rest_route=\/wp\/v2\/users\/1"}],"replies":[{"embeddable":true,"href":"https:\/\/valentintuybens.fr\/index.php?rest_route=%2Fwp%2Fv2%2Fcomments&post=45"}],"version-history":[{"count":12,"href":"https:\/\/valentintuybens.fr\/index.php?rest_route=\/wp\/v2\/pages\/45\/revisions"}],"predecessor-version":[{"id":491,"href":"https:\/\/valentintuybens.fr\/index.php?rest_route=\/wp\/v2\/pages\/45\/revisions\/491"}],"wp:attachment":[{"href":"https:\/\/valentintuybens.fr\/index.php?rest_route=%2Fwp%2Fv2%2Fmedia&parent=45"}],"curies":[{"name":"wp","href":"https:\/\/api.w.org\/{rel}","templated":true}]}}